{"id":206,"date":"2019-11-17T05:15:53","date_gmt":"2019-11-17T04:15:53","guid":{"rendered":"http:\/\/s813616265.onlinehome.fr\/?page_id=206"},"modified":"2023-05-15T11:35:18","modified_gmt":"2023-05-15T09:35:18","slug":"adherents-texte-rgpd","status":"publish","type":"page","link":"https:\/\/phonie-graphie.org\/index.php\/adherents-texte-rgpd\/","title":{"rendered":"Adh\u00e9rents (RGPD)"},"content":{"rendered":"\n<p>DONN\u00c9ES PERSONNELLES&nbsp;<br>Ce site internet n\u2019utilise pas de cookies. <\/p>\n\n\n\n<p>Adh\u00e9rents\u00a0<br>Les donn\u00e9es personnelles que nous vous demandons de fournir lors de votre inscription sont limit\u00e9es \u00e0 ce qui est strictement n\u00e9cessaire au fonctionnement de l\u2019association (nom, pr\u00e9nom, adresse postale, adresse e-mail et num\u00e9ro de t\u00e9l\u00e9phone, photo si vous souhaitez la fournir). Elles sont conserv\u00e9es sur support informatique et papier, et ne sont jamais transmises \u00e0 des tiers.<br>Elles servent uniquement \u00e0 la gestion des adh\u00e9sions, des inscriptions, \u00e0 l\u2019organisation des cours, \u00e0 l\u2019envoi (par courrier) des convocations \u00e0 l\u2019Assembl\u00e9 g\u00e9n\u00e9rale annuelle et \u00e0 pouvoir vous contacter par t\u00e9l\u00e9phone en cas de besoin, par le secr\u00e9tariat, les coordinateurs p\u00e9dagogique et culturel ou les membres du Conseil d\u2019administration de l\u2019association participant \u00e0 la r\u00e9alisation des fins cit\u00e9es ci-dessus.\u00a0<br>Vous pouvez \u00e0 tout moment acc\u00e9der \u00e0 vos donn\u00e9es personnelles et les modifier ou les supprimer en contactant le secr\u00e9tariat de Phonie-Graphie \u00e0\u00a0<a href=\"mailto:pg-contact@phonie-graphie.org\" target=\"_blank\" rel=\"noreferrer noopener\">pg-contact@phonie-graphie.org<\/a><br>L\u2019envoi de la Lettre de Phonie-Graphie (lettre d\u2019information de l\u2019association), si vous avez demand\u00e9 \u00e0 la recevoir, se fait via la plateforme Brevo (ex Sendinblue) , qui s\u2019est mise en conformit\u00e9 avec le R\u00e8glement G\u00e9n\u00e9ral de Protection des Donn\u00e9es personnelles, et pour lequel nous n\u2019utilisons que vos nom, pr\u00e9nom et adresse e-mail.<br>Si vous souhaitez vous d\u00e9sinscrire de la Lettre, vous pouvez soit contacter Phonie-Graphie (voir ci-dessous) ou vous d\u00e9sinscrire directement en cliquant sur le lien de d\u00e9sinscription tout en bas de page de l\u2019une des Lettres que vous avez d\u00e9j\u00e0 re\u00e7ue par e-mail.<\/p>\n\n\n\n<p><strong>Si vous adh\u00e9rez et\/ou vous inscrivez en ligne<\/strong> via la plateforme <em>Hello Asso<\/em>, vous pouvez retrouver le d\u00e9tail de l\u2019ensemble des donn\u00e9es collect\u00e9es par HelloAsso dans sa <a href=\"https:\/\/www.helloasso.com\/confidentialite\" target=\"_blank\" rel=\"noreferrer noopener\">Charte de Confidentialit\u00e9<\/a>.<\/p>\n\n\n\n<p>MENTIONS LEGALES<\/p>\n\n\n\n<p>Phonie-Graphie <br>57, rue d&rsquo;Amsterdam <br>75008 Paris<br>T\u00e9l : + 33 7 86 52 68 41<\/p>\n\n\n\n<p>email : pg-contact@phonie-graphie.org<\/p>\n\n\n\n<p>SIRET 402 916 399 00031<\/p>\n\n\n\n<p>Pr\u00e9sidente : Brigitte DU\u00c9E<\/p>\n\n\n\n<p>\u00c9diteur du site : PHONIE-GRAPHIE<\/p>\n\n\n\n<p>H\u00e9bergeur: 1&amp;1&nbsp;IONOS&nbsp;SARL<br>7, place de la Gare &#8211; BP 70109<br>57201 SARREGUEMINES<\/p>\n","protected":false},"excerpt":{"rendered":"<p>DONN\u00c9ES PERSONNELLES&nbsp;Ce site internet n\u2019utilise pas de cookies. Adh\u00e9rents\u00a0Les donn\u00e9es personnelles que nous vous demandons de fournir lors de votre inscription sont limit\u00e9es \u00e0 ce qui est strictement n\u00e9cessaire au fonctionnement de l\u2019association (nom, pr\u00e9nom, adresse postale, adresse e-mail et num\u00e9ro de t\u00e9l\u00e9phone, photo si vous souhaitez la fournir). Elles sont conserv\u00e9es sur support informatique [&hellip;]<\/p>\n","protected":false},"author":1,"featured_media":0,"parent":0,"menu_order":0,"comment_status":"closed","ping_status":"closed","template":"","meta":{"_monsterinsights_skip_tracking":false,"_monsterinsights_sitenote_active":false,"_monsterinsights_sitenote_note":"","_monsterinsights_sitenote_category":0,"footnotes":""},"class_list":["post-206","page","type-page","status-publish","hentry"],"aioseo_notices":[],"_links":{"self":[{"href":"https:\/\/phonie-graphie.org\/index.php\/wp-json\/wp\/v2\/pages\/206","targetHints":{"allow":["GET"]}}],"collection":[{"href":"https:\/\/phonie-graphie.org\/index.php\/wp-json\/wp\/v2\/pages"}],"about":[{"href":"https:\/\/phonie-graphie.org\/index.php\/wp-json\/wp\/v2\/types\/page"}],"author":[{"embeddable":true,"href":"https:\/\/phonie-graphie.org\/index.php\/wp-json\/wp\/v2\/users\/1"}],"replies":[{"embeddable":true,"href":"https:\/\/phonie-graphie.org\/index.php\/wp-json\/wp\/v2\/comments?post=206"}],"version-history":[{"count":8,"href":"https:\/\/phonie-graphie.org\/index.php\/wp-json\/wp\/v2\/pages\/206\/revisions"}],"predecessor-version":[{"id":1387,"href":"https:\/\/phonie-graphie.org\/index.php\/wp-json\/wp\/v2\/pages\/206\/revisions\/1387"}],"wp:attachment":[{"href":"https:\/\/phonie-graphie.org\/index.php\/wp-json\/wp\/v2\/media?parent=206"}],"curies":[{"name":"wp","href":"https:\/\/api.w.org\/{rel}","templated":true}]}}