{"id":228,"date":"2019-11-17T05:40:52","date_gmt":"2019-11-17T04:40:52","guid":{"rendered":"http:\/\/s813616265.onlinehome.fr\/?page_id=228"},"modified":"2026-04-20T12:03:52","modified_gmt":"2026-04-20T10:03:52","slug":"archives","status":"publish","type":"page","link":"https:\/\/phonie-graphie.org\/index.php\/archives\/","title":{"rendered":"Manifestations Culturelles"},"content":{"rendered":"\n<h3 class=\"wp-block-heading\">Cours de civilisation 2025 | 2026<\/h3>\n\n\n\n<p>La place des femmes dans le cin\u00e9ma grec de 1975 \u00e0 1990 par Babis Pothoulakis. Vendredi 20 mars 19h00, Lyc\u00e9e Jules Ferry 77, Boulevard de Clichy 75009 Paris. &nbsp;Pour plus d\u2019informations&nbsp;<a href=\"https:\/\/phonie-graphie.org\/wp-content\/uploads\/2026\/03\/dispo-finale-.png\">cliquer ici<\/a><\/p>\n\n\n\n<h3 class=\"wp-block-heading\">Petit Salon du Livre Grec<\/h3>\n\n\n\n<p>La 2e \u00e9dition du Petit salon du livre grec ouvre ses\u2026 pages les <strong>12, 13 et 14 d\u00e9cembre 2025 <\/strong>au Lyc\u00e9e Jules-Ferry (75009 Paris) sous la coupole embl\u00e9matique qui coiffe la salle polyvalente de l\u2019\u00e9tablissement.Plus de 30 \u00e9diteurs fran\u00e7ais qui mettent \u00e0 l\u2019honneur la litt\u00e9rature et la po\u00e9sie grecques et autant d\u2019interventions d\u2019auteurs grecs contemporains, de traducteurs et de sp\u00e9cialistes de la Gr\u00e8ce vous attendent pour des rencontres, \u00e9changes, lectures et d\u00e9dicaces. Pour plus d\u2019informations&nbsp;<a href=\"https:\/\/phonie-graphie.org\/wp-content\/uploads\/2025\/11\/SALON_LIVRE_GREC_2025_post.jpg\" title=\"\">cliquer ici<\/a><\/p>\n\n\n\n<p>Au programme : <\/p>\n\n\n\n<p><strong>Vendredi<\/strong><\/p>\n\n\n\n<p>18h Ouverture<br>19h-20h \u00ab Les multiples vies de la litt\u00e9rature grecque en France (XIXe-XXIe si\u00e8cles) \u00bb, table ronde avec Anne-Laure Brisac, Ioannis Chondros et Barbara Dimopoulou<\/p>\n\n\n\n<p><strong>Samedi<\/strong><\/p>\n\n\n\n<p>11h-12h : Voyage en Gr\u00e8ce, pr\u00e9sentation par Baptiste Dericquebourg<\/p>\n\n\n\n<p>13h-14h : La France et la Gr\u00e8ce au XIXe si\u00e8cle. Regards crois\u00e9s, pr\u00e9sentation par Pierre Pontier et Alkisti Sofou, et discussion avec Giorgos Kostakiotis<\/p>\n\n\n\n<p>14h-15h : Iphig\u00e9nie \u00e0 Kos, pr\u00e9sentation par Maria Kakogianni et discussion avec Sophie Wahnich<\/p>\n\n\n\n<p>15h-16h30 : Traduire du grec, table ronde avec les traductrices Katerina Apostolopoulou, Anne Barbusse, Danielle Morichon et Clara Nizzoli, suivie des lectures de leurs travaux (Yannis Ritsos, Yorgos Stergiopoulos, Giorgos Kalozo\u00efs, Michalis Makropoulos)<\/p>\n\n\n\n<p>16h30-18h30 : Soir\u00e9e en po\u00e9sie, rencontres et lectures avec Yorgos Stergiopoulos, Marianne Catzaras, Spyros Tsovilis, Maria Patakia<\/p>\n\n\n\n<p>18h30-20h : Entre Blague et L\u2019Enfant, rencontre avec l\u2019auteur Y\u00e0nnis Palavos<\/p>\n\n\n\n<p>20h-21h : De la po\u00e9sie \u00e0 la chanson, lectures en musique et concert avec Mich\u00e8le Justrabo, Dimitra Kontou, Kostis Papaloukas et \u03a5iannis Tziallas<\/p>\n\n\n\n<p><strong>Dimanche<\/strong><\/p>\n\n\n\n<p>11h-12h : \u00c9ratosth\u00e8ne, par Pierre Landette<\/p>\n\n\n\n<p>12h-13h : Cherchez la France, table ronde avec Giorgos Arvanitis, Angueliki Garidis, Nikos Graikos et Nikiforos Mandilaras<\/p>\n\n\n\n<p>13h-14h : Lectures et d\u00e9dicaces<\/p>\n\n\n\n<p>14h-15h : Serge et Bacchus de Karagatsis, pr\u00e9sentation par G\u00e9rard Balland et Dimitra Markovitsi<\/p>\n\n\n\n<p>15h-16h : Rencontre avec le romancier et essayiste Christos Chryssopoulos<\/p>\n\n\n\n<p>16h-17h : Partir ou rester ? Le dilemme des Grecs d\u2019Istanbul au lendemain des pogroms de 1955, pr\u00e9sentation par Anna Th\u00e9odorid\u00e8s et discussion avec Stefanos Poulios<\/p>\n\n\n\n<p>17h-18h : Journ\u00e9es 1925-1971 de Georges S\u00e9f\u00e9ris, pr\u00e9sentation par Gilles Ortlieb et lectures par Cyb\u00e8le Castoriadis<\/p>\n\n\n\n<p>18h-19h : Tendances actuelles de la litt\u00e9rature grecque, table ronde avec Christos Chryssopoulos, Makis Malafekas, Y\u00e0nnis Palavos et alii<\/p>\n\n\n\n<h3 class=\"wp-block-heading\">Cours de civilisation et Recontres 2024 | 2025<\/h3>\n\n\n\n<p>Vendredi 16 mai 2025  <strong>Angelos Dalachanis<\/strong>&nbsp;et&nbsp;<strong>Mercedes Volait<\/strong>&nbsp;nous pr\u00e9senteront leur livre, publi\u00e9 par l&rsquo;\u00c9cole fran\u00e7aise d&rsquo;Ath\u00e8nes \u00c9ditions, Monde r\u00eav\u00e9, monde collectionn\u00e9.&nbsp;La M\u00e9diterran\u00e9e orientale d&rsquo;Antonis Benakis (1900-1931). Pour plus d\u2019informations&nbsp;<a href=\"https:\/\/phonie-graphie.org\/wp-content\/uploads\/2025\/05\/Cours-Civ-24-25-16-mai-2025.pdf\">cliquer ici<\/a><\/p>\n\n\n\n<p>Vendredi 04 avril 2025 Vous avez dit \u00ab&nbsp;Mac\u00e9doine&nbsp;\u00bb ? L\u2019imbroglio mac\u00e9donien. Pourquoi 17 ans de n\u00e9gociations pour aboutir au nom de \u00ab Mac\u00e9doine du Nord \u00bb qui d\u2019ailleurs ne satisfait personne ? par Jo\u00eblle Dal\u00e8gre. Pour plus d\u2019informations&nbsp;<a href=\"https:\/\/phonie-graphie.org\/wp-content\/uploads\/2025\/03\/Cours-Civ-4-avr-25.pdf\">cliquer ici<\/a><\/p>\n\n\n\n<p>Vendredi 11 octobre 2024 &#8211; Rencontre avec Rika Benveniste, historienne, pour son essai de biographie historique LOUNA, paru aux \u00e9ditions Signes &amp; Balises et grand prix national de l\u2019essai en Gr\u00e8ce. Pour plus d\u2019informations&nbsp;<a href=\"https:\/\/phonie-graphie.org\/wp-content\/uploads\/2024\/10\/Louna-11-oct-24.pdf\" title=\"\">cliquer ici<\/a><\/p>\n\n\n\n<h3 class=\"wp-block-heading\">Petit Salon du Livre Grec<\/h3>\n\n\n\n<p>Phonie-Graphie a 30 ans et organise un Petit Salon du Livre Grec \u00e0 la Maison de la Gr\u00e8ce <strong>du 13 au 15 d\u00e9cembre,<\/strong> afin de mettre en avant des \u0153uvres grecques traduites en fran\u00e7ais et rendre hommage aux \u00e9diteurs qui mettent le grec \u00e0 l&rsquo;honneur. Au programme : pr\u00e9sentations, discussions et tables rondes. Pour plus d\u2019informations&nbsp;<a href=\"https:\/\/phonie-graphie.org\/wp-content\/uploads\/2024\/11\/SALON_LIVRE_GREC_A4.pdf\" title=\"\">cliquer ici<\/a><\/p>\n\n\n\n<p>Au programme :<\/p>\n\n\n\n<p><strong>Vendredi<\/strong><br>18h : Ouverture<br>19h-20h : \u00ab Gr\u00e8ce, d\u2019un \u00e9t\u00e9 l\u2019autre. Autour du n\u00e9o-polar social grec \u00bb, discussion avec Stathis Kouv\u00e9lakis, Makis Malaf\u00e9kas et Sophia Mavroudis<\/p>\n\n\n\n<p><strong>Samedi<\/strong><br>11h-12h : \u00ab Novellistes grecques \u00bb, pr\u00e9sentation de Michel Volkovitch<br>14h-15h : \u00ab \u00c9crire et traduire entre deux langues \u00bb, pr\u00e9sentation d\u2019Eurydice Trichon Milsani<br>\u00ab Les feuilletons de la mythologie grecque \u00bb, pr\u00e9sentation de Murielle Szac<br>15h-16h : \u00ab De Salonique \u00e0 Thessalonique : une br\u00e8ve histoire d&rsquo;une ville multiculturelle (1873-1943) \u00bb, table ronde avec Jo\u00eblle Dal\u00e8gre, Lo\u00efc Marcou et Catherine Pinguet<br>17h-18h : \u00ab Traduire, du rire aux larmes, le monde enchant\u00e9 d\u2019Eug\u00e8ne Trivizas, Maria Polydouri, Kostas Karyotakis \u00bb, pr\u00e9sentation de Mich\u00e8le Justrabo, suivie d\u2019une lecture musicale avec Dimitra Kontou<br>\u00ab R\u00e9sistances cr\u00e9toises : Eleftheria \u00bb, discussion avec Murielle Szac<br>18h-19h : \u00ab Laissons nos pens\u00e9es prendre le large, \u00e9crivons le monde avec Ritsos \u00bb, table ronde avec In\u00e8s Dal\u00e9ry, Bruno Doucey et Nikos Graikos et Pascal Neveu<br>19h-20h : \u00ab Yannis Ritsos. Le chant de la Gr\u00e8ce \u00bb, lectures en musique, avec Katerina Apostolopoulou, Bruno Doucey et Fabbris Faber, accompagn\u00e9s par Kostis Papaloukas \u00e0 la guitare<\/p>\n\n\n\n<p><strong>Dimanche<\/strong><br>11h-12h : \u00ab Entre capitale et province : r\u00e9cits et r\u00e9alit\u00e9s du monde grec contemporain \u00bb, table ronde avec Christos Andrianopoulos, Maria Kokkinou et Danielle Morichon<br>12h-13h : \u00ab Pour r\u00e9habiliter le noir : sur la po\u00e9sie grecque contemporaine \u00bb, pr\u00e9sentation et lectures par Ioannis Chondros, Barbara Dimopoulou et Eleni Gioti<br>14h-15h : \u00ab Fictions et regards sur une Gr\u00e8ce loin des clich\u00e9s \u00bb, pr\u00e9sentation de Vonny Dufoss\u00e9<br>\u00ab L&rsquo;impact de l&rsquo;immigration sur l\u2019\u00e9criture litt\u00e9raire et po\u00e9tique \u00bb, pr\u00e9sentation de Maria Patakia<br>\u00ab Voyages entre langues et genres : lectures \u00bb, par Angu\u00e9liki Garidis<br>15h-16h : \u00ab Sappho, une parole au pr\u00e9sent \u00bb, pr\u00e9sentation de Pierre Landete avec Hugo Layan<br>16h-17h : \u00ab Georges S\u00e9f\u00e9ris, romancier et diariste \u00bb, discussion entre Gilles Ortlieb et Ioannis Chondros<br>17h-18h : \u00ab L\u2019accentuation, un aspect n\u00e9glig\u00e9 de l\u2019enseignement du grec moderne \u00bb, pr\u00e9sentation de Henri Tonnet<br>\u00ab Le cheval du fleuve \u00bb, pr\u00e9sentation et discussion avec Brigitte Du\u00e9e<br>18h-19h : \u00ab Sur l\u2019histoire de la litt\u00e9rature et du cin\u00e9ma grecs des 20\u00e8me et 21\u00e8me si\u00e8cles \u00bb, discussion avec St\u00e9phane Sawas<\/p>\n\n\n\n<h3 class=\"wp-block-heading\">Cours de civilisation 2024 | 2025<\/h3>\n\n\n\n<p>Vendredi 16 mai 2025  <strong>Angelos Dalachanis<\/strong>&nbsp;et&nbsp;<strong>Mercedes Volait<\/strong>&nbsp;nous pr\u00e9senteront leur livre, publi\u00e9 par l&rsquo;\u00c9cole fran\u00e7aise d&rsquo;Ath\u00e8nes \u00c9ditions, Monde r\u00eav\u00e9, monde collectionn\u00e9.&nbsp;La M\u00e9diterran\u00e9e orientale d&rsquo;Antonis Benakis (1900-1931). Pour plus d\u2019informations&nbsp;<a href=\"https:\/\/phonie-graphie.org\/wp-content\/uploads\/2025\/05\/Cours-Civ-24-25-16-mai-2025.pdf\">cliquer ici<\/a><\/p>\n\n\n\n<p>Vendredi 04 avril 2025 Vous avez dit \u00ab&nbsp;Mac\u00e9doine&nbsp;\u00bb ? L\u2019imbroglio mac\u00e9donien. Pourquoi 17 ans de n\u00e9gociations pour aboutir au nom de \u00ab Mac\u00e9doine du Nord \u00bb qui d\u2019ailleurs ne satisfait personne ? par Jo\u00eblle Dal\u00e8gre. Pour plus d\u2019informations&nbsp;<a href=\"https:\/\/phonie-graphie.org\/wp-content\/uploads\/2025\/03\/Cours-Civ-4-avr-25.pdf\">cliquer ici<\/a><\/p>\n\n\n\n<p>Vendredi 11 octobre 2024 &#8211; Rencontre avec Rika Benveniste. Pour plus d\u2019informations&nbsp;<a href=\"https:\/\/phonie-graphie.org\/wp-content\/uploads\/2024\/10\/Louna-11-oct-24.pdf\" title=\"\">cliquer ici<\/a><\/p>\n\n\n\n<h3 class=\"wp-block-heading\">Cours de civilisation 2023 | 2024<\/h3>\n\n\n\n<p>Vendredi 14 juin 2024 &#8211; Perspectives du Cin\u00e9ma documentaire grec par Michel Noll. Pour plus d\u2019informations&nbsp;<a href=\"https:\/\/phonie-graphie.org\/wp-content\/uploads\/2024\/06\/courS-civ-Modern-Typography-Poster.pdf\" title=\"\">cliquer ici<\/a><\/p>\n\n\n\n<p>Vendredi 7 juin 2024 &#8211; Des amis de Phonie-Graphie nous parlent de leurs derni\u00e8res publications, avec&nbsp;Angueliki Garidis, Anne-Laure Brisac, Brigitte Du\u00e9e, Nikos Graikos &amp; Jean-Marc Laborie. Pour plus d\u2019informations&nbsp;<a href=\"https:\/\/phonie-graphie.org\/wp-content\/uploads\/2024\/06\/Affiche-Table-ronde-PhGr.pdf\" title=\"\">cliquer ici<\/a><\/p>\n\n\n\n<p>Vendredi 31 mai 2024 &#8211; Histoire de la Langue grecque | Langue populaire (d\u00e9motique\/\u03b4\u03b7\u03bc\u03bf\u03c4\u03b9\u03ba\u03ae), langue puriste (kathar\u00e9vousa\/\u03ba\u03b1\u03b8\u03b1\u03c1\u03b5\u03cd\u03bf\u03c5\u03c3\u03b1), un dilemme insoluble ? par Theodosios Polychronis. Pour plus d\u2019informations&nbsp;<a href=\"https:\/\/phonie-graphie.org\/wp-content\/uploads\/2024\/05\/Cours-Civ-31-mai-24.pdf\" title=\"\">cliquer ici<\/a><\/p>\n\n\n\n<p>Vendredi 08 mars 2024 <em>Les Institutions grecques : comment \u00e7a marche ?<\/em> par Sotirios TSIGANAS. Pour plus d\u2019informations&nbsp;<a href=\"https:\/\/phonie-graphie.org\/wp-content\/uploads\/2024\/02\/cour-civ-Institutions.pdf\" title=\"\">cliquer ici<\/a><\/p>\n\n\n\n<p>Vendredi 15 d\u00e9cembre 2023 &#8211; De la R\u00e9sistance \u00e0 la guerre civile en Gr\u00e8ce. 1941-1946 par&nbsp;Jo\u00eblle Fontaine<\/p>\n\n\n\n<p>Vendredi 17 novembre 2023 \u2013&nbsp;\u00ab \u0395\u03b4\u03ce \u03a0\u03bf\u03bb\u03c5\u03c4\u03b5\u03c7\u03bd\u03b5\u03af\u03bf ! \u00bb \/ \u00ab Ici, \u00c9cole Polytechnique \u00bb par Panos Angelopoulos. Pour plus d\u2019informations&nbsp;<a href=\"https:\/\/phonie-graphie.org\/wp-content\/uploads\/2023\/11\/Cours-Civ-17-nov-2023.pdf\" title=\"\">cliquer ici<\/a><\/p>\n\n\n\n<h3 class=\"wp-block-heading\">Cours de civilisation 2022 | 2023<\/h3>\n\n\n\n<p>Vendredi 14 avril 2023 \u2013&nbsp;<em>T\u00e9riade<\/em> par&nbsp;Carla A\u00efta.<strong>&nbsp;<\/strong> Pour plus d\u2019informations <a href=\"https:\/\/phonie-graphie.org\/wp-content\/uploads\/2023\/04\/Cours-Civ-Teriade-PDF.pdf\" title=\"\">cliquer ici<\/a><\/p>\n\n\n\n<p>Vendredi 24 mars 2023 \u2013&nbsp;<em>(Une) Histoire de la chanson grecque<\/em>, par&nbsp;Yiannis Plastiras. Pour plus d\u2019informations&nbsp;<a href=\"https:\/\/phonie-graphie.org\/wp-content\/uploads\/2023\/03\/Cours-Civ-Chanson-Grecque.pdf\">cliquer ici<\/a><\/p>\n\n\n\n<p>Vendredi 14 octobre 2022 \u2013&nbsp;<em>\u00ab Trag\u00e9die cr\u00e9toise \u00bb : crises et migrations au tournant du XXe si\u00e8cle,<\/em>&nbsp;par Antonis Nassis. Pour plus d\u2019informations&nbsp;<a href=\"https:\/\/phonie-graphie.org\/wp-content\/uploads\/2022\/10\/Cours-CIV-N%C2%B01-2022-2023.pdf\">cliquer ici<\/a><\/p>\n\n\n\n<h3 class=\"wp-block-heading\">Rencontres 2022-2023<\/h3>\n\n\n\n<p>Vendredi 09 juin 2023 &#8211; <em>M\u00e9moires de la Grande Catastrophe : entre paroles et silences<\/em> par Cypris Kophid\u00e8s. Pour plus d&rsquo;informations <a href=\"https:\/\/phonie-graphie.org\/wp-content\/uploads\/2023\/05\/Table-ronde-juin-2023.png\">cliquer ici<\/a><\/p>\n\n\n\n<p>Vendredi 18 novembre 2022 &#8211; Rencontre avec <em>Solo\u00fap<\/em> et <em>Charikleia-Magdalini Kefalidou<\/em><\/p>\n\n\n\n<p>La catastrophe d\u2019Asie mineure \u00e0 travers les romans graphiques. Charikleia-Magdalini Kefalidou ouvrira la soir\u00e9e avec une intervention sur \u00ab&nbsp;<em>M\u00e9moire, espace et identit\u00e9s dans A\u00efvali de Solo\u00fap<\/em>&nbsp;\u00bb. Le 18 novembre \u00e0 la Maison de la Gr\u00e8ce \u00e0 19h00. Pour plus d\u2019informations&nbsp;<a href=\"https:\/\/phonie-graphie.org\/wp-content\/uploads\/2022\/11\/Soloup_Glukos_affiche.pdf\">cliquer ici<\/a><\/p>\n\n\n\n<p>Samedi 19 novembre 2022 &#8211; Rencontre avec <em>Solo\u00fap et Allain Glykos<\/em><\/p>\n\n\n\n<p><em>La catastrophe d\u2019Asie mineure \u00e0 travers les romans graphiques&nbsp; le 19 au lyc\u00e9e Jules ferry \u00e0 16h00. Pour plus d\u2019informations&nbsp;<\/em><a href=\"https:\/\/phonie-graphie.org\/wp-content\/uploads\/2022\/11\/Soloup_Glukos_affiche.pdf\">cliquer ici<\/a><\/p>\n\n\n\n<p><\/p>\n\n\n\n<h3 class=\"wp-block-heading\">Cours de civilisation 2021 | 2022<\/h3>\n\n\n\n<p>Vendredi 19 novembre 2021 \u2013&nbsp;<em>Michel Volkovitch, \u00ab&nbsp;passeur&nbsp;\u00bb de culture \u2026 grecque<\/em>&nbsp;avec Michel Volkovitch. Pour plus d\u2019informations&nbsp;<a href=\"https:\/\/phonie-graphie.org\/wp-content\/uploads\/2021\/11\/Cours-civ-1-du-19-NOV-2021.pdf\">cliquer ici<\/a><br>Vendredi 11 mars 2022 \u2013&nbsp;<em>Autour du R\u00e9b\u00e9tiko<\/em>&nbsp;par Ourania Lampropoulou. Pour plus d\u2019informations&nbsp;<a href=\"https:\/\/phonie-graphie.org\/wp-content\/uploads\/2022\/03\/cour-civ-Rebetiko.pdf\">cliquer ici<\/a>. Attention : Ce cours aura lieu \u00e0 la maison de la Gr\u00e8ce, 9 rue Mesnil 75016 Paris | M\u00b0 Victor Hugo<\/p>\n\n\n\n<p>Vendredi 15 avril 2022-&nbsp;<em>Le DIALOGUE de Solomos (1824): pour une po\u00e9tique d\u00e9motique<\/em>&nbsp;par Ioannis Chondros. Pour plus d\u2019informations&nbsp;<a href=\"https:\/\/phonie-graphie.org\/wp-content\/uploads\/2022\/03\/Cours-civ-SOLOMOS-avr-22.pdf\">cliquer ici<\/a><\/p>\n\n\n\n<p>Vendredi 20 mai 2022-&nbsp;<em>R\u00e9fugi\u00e9s, minorit\u00e9s et construction nationale en Gr\u00e8ce du Nord<\/em>&nbsp;par&nbsp;Lukas Tsiptsios. Pour plus d\u2019informations&nbsp;<a href=\"https:\/\/phonie-graphie.org\/wp-content\/uploads\/2022\/05\/Cours-Civ-20-mai-2022.pdf\">cliquer ici<\/a><\/p>\n\n\n\n<h3 class=\"wp-block-heading\">Rencontres 2021-2022<\/h3>\n\n\n\n<p><em>Nous aurons l\u2019honneur de recevoir&nbsp;<\/em>Metin ARDITI<em>&nbsp;pour une conf\u00e9rence<\/em><br><em>\u00ab&nbsp;Gr\u00e8ce-Turquie : je t\u2019aime, moi non plus\u00ab&nbsp;. Le 15 octobre \u00e0 19h30,&nbsp;<\/em>Mairie du 9\u00e8me<\/p>\n\n\n\n<h3 class=\"wp-block-heading\">Cours de civilisation 2020 | 2021<\/h3>\n\n\n\n<p><em>Evolution du paysage urbain ath\u00e9nien : comment et par qui est fabriqu\u00e9e l\u2019image actuelle d\u2019Ath\u00e8nes ?<\/em>&nbsp;&nbsp;par Katerina POLYCHRONIADI Pour plus d\u2019informations&nbsp;<a href=\"https:\/\/phonie-graphie.org\/wp-content\/uploads\/2020\/10\/Affiche-COURS-CIVILISATION-No-1.pdf\">cliquer ici<\/a><\/p>\n\n\n\n<p><em>De l\u2019architecture traditionnelle grecque au paysage urbain actuel: Architecture anonyme et architecture signifiante du 20\u00e8me si\u00e8cle<\/em>&nbsp;par Katerina POLYCHRONIADI Pour plus d\u2019informations&nbsp;<a href=\"https:\/\/phonie-graphie.org\/wp-content\/uploads\/2020\/11\/CoursCiv-2-Bl-Be.pdf\">cliquer ici<\/a><\/p>\n\n\n\n<p><em>\u00ab La question de la langue en Gr\u00e8ce : querelles litt\u00e9raires, qu\u00eates identitaires et enjeux politiques (XIXe-XXe si\u00e8cles) \u00bb<\/em>&nbsp;par Petros DIATSENTOS&nbsp;<em>Pour plus d\u2019informations&nbsp;<a href=\"https:\/\/phonie-graphie.org\/wp-content\/uploads\/2020\/12\/Cours-civ-3-G.pdf\">cliquer ici<\/a><\/em><\/p>\n\n\n\n<p><em>\u00ab<\/em>&nbsp;<em>Sira nostra patria: les \u2018Latins\u2019 des \u00eeles face \u00e0 la r\u00e9volution grecque<\/em>&nbsp;<em>\u00bb<\/em>&nbsp;par Dimitris KOUSOURIS Pour plus d\u2019informations&nbsp;<a href=\"https:\/\/phonie-graphie.org\/wp-content\/uploads\/2021\/02\/cour-civ-4-b.pdf\">cliquer ici<\/a><\/p>\n\n\n\n<p><em>\u00ab<\/em>&nbsp;<em>L\u2019aventure grecque de L\u2019ap\u00f4tre Paul \u00bb<\/em>&nbsp;par Brigitte DU\u00c9E Pour plus d\u2019informations&nbsp;<a href=\"https:\/\/phonie-graphie.org\/wp-content\/uploads\/2021\/04\/cour-civ-5.pdf\">cliquer ici<\/a><\/p>\n\n\n\n<p><em>\u00ab<\/em>&nbsp;La vie et l\u2019\u0153uvre du philosophe&nbsp;<strong>Kostas Papa\u00efoannou&nbsp;<\/strong>(1925-1981)&nbsp;<em>\u00bb<\/em>&nbsp;par Benakis Matsas. Pour d\u2019informations&nbsp;<a href=\"https:\/\/phonie-graphie.org\/wp-content\/uploads\/2021\/05\/cour-civ-6.pdf\">cliquer ici<\/a><\/p>\n\n\n\n<p><em>\u00ab<\/em>&nbsp;Le christianisme orthodoxe \u00e0 travers le monachisme&nbsp;<em>\u00bb<\/em>&nbsp;par Giorgos KOSTAKIOTIS. Pour plus d\u2019informations&nbsp;<a href=\"https:\/\/phonie-graphie.org\/wp-content\/uploads\/2021\/05\/cour-civ-7.pdf\">cliquer ici<\/a><\/p>\n\n\n\n<h3 class=\"wp-block-heading\">25 ans de PHONIE-GRAPHIE<\/h3>\n\n\n\n<p>Phonie-Graphie a f\u00eat\u00e9 en 2019 ses&nbsp;<strong>25 ans<\/strong>&nbsp;par de nombreuses manifestations culturelles.&nbsp;<a href=\"https:\/\/phonie-graphie.org\/wp-content\/uploads\/2020\/06\/PhonieGraphie-Manifs-culturelles-2019-2020.pdf\">Cliquez ICI<\/a>&nbsp;pour retrouver la liste compl\u00e8te.<\/p>\n\n\n\n<p>Un aper\u00e7u des activit\u00e9s culturelles de Phonie-Graphie:<\/p>\n\n\n\n<ul class=\"wp-block-list\">\n<li>Rencontres litt\u00e9raires avec ou autour des \u00e9crivains grecs, avec les traducteurs, lectures<\/li>\n\n\n\n<li>Conf\u00e9rences et Cours de Civilisation<\/li>\n\n\n\n<li>Concerts et moments musicaux<\/li>\n\n\n\n<li>Th\u00e9\u00e2tre et cin\u00e9ma<\/li>\n\n\n\n<li>Partenariats associatifs<\/li>\n\n\n\n<li>Expositions (photographie, peinture)<\/li>\n<\/ul>\n\n\n\n<p><\/p>\n\n\n\n<h3 class=\"wp-block-heading\">Pr\u00e9c\u00e9dents Cours de Civilisation<\/h3>\n\n\n\n<p>Voici quelques uns des&nbsp;<strong>cours de civilisation&nbsp;<\/strong>donn\u00e9s au cours de ces derni\u00e8res ann\u00e9es, cette liste n\u2019est pas exhaustive :<\/p>\n\n\n\n<ul class=\"wp-block-list\">\n<li>L\u2019Ath\u00e8nes de la crise grecque dans L\u2019Ultime Humiliation<\/li>\n\n\n\n<li>Les mythes n\u00e9o-hell\u00e9niques au service de la conscience nationale Kalikantzaroi, N\u00e9raides, Moires etc<\/li>\n\n\n\n<li>Le miracle et les recueils de miracles \u00e0 Byzance<\/li>\n\n\n\n<li>Musique populaire et Urbanisation \u2013 Le d\u00e9veloppement du R\u00e9b\u00e9tiko dans les quartiers ouvriers et des r\u00e9fugi\u00e9s : le cas du Pir\u00e9e<\/li>\n\n\n\n<li>La Gr\u00e8ce \u00e0 travers sa musique<\/li>\n\n\n\n<li>Un court historique des extr\u00eames droites grecques<\/li>\n\n\n\n<li>Dette symbolique \/ Dette r\u00e9elle<\/li>\n\n\n\n<li>Introduction \u00e0 la litt\u00e9rature orale n\u00e9o-hell\u00e9nique. Les \u00eatres imaginaires.<\/li>\n\n\n\n<li>Les mythes n\u00e9ohell\u00e9niques au service de la conscience nationale<\/li>\n\n\n\n<li>La Gr\u00e8ce entre Orient et Occident<\/li>\n\n\n\n<li>Le roman policier grec, de 1935 \u00e0 2015<\/li>\n\n\n\n<li>Histoire de la musique grecque<\/li>\n\n\n\n<li>Histoire du cin\u00e9ma grec<\/li>\n\n\n\n<li>L\u2019Ap\u00f4tre Paul et la diffusion du christianisme en Gr\u00e8ce<\/li>\n\n\n\n<li>Les \u00e9v\u00e9nements du XXe si\u00e8cles fondateurs de la m\u00e9moire collective<\/li>\n\n\n\n<li>Les institutions grecques<\/li>\n\n\n\n<li>La question mac\u00e9donienne et la question Chypriote<\/li>\n\n\n\n<li>Le folklore en Gr\u00e8ce<\/li>\n\n\n\n<li>Karaghiozis<\/li>\n\n\n\n<li>Les mots migrateurs<\/li>\n\n\n\n<li>Chaulieu, Cardan, Castoriadis\u2026 D\u2019une \u0153uvre de pens\u00e9e entre la Gr\u00e8ce et la France, une perspective critique<\/li>\n\n\n\n<li>La Chypre de Yorgos Sef\u00e9ris : la patrie retrouv\u00e9e<\/li>\n\n\n\n<li>Veniz\u00e9los, le fondateur de la Gr\u00e8ce moderne<\/li>\n\n\n\n<li>Le cin\u00e9ma po\u00e9tique d\u2019Angelopoulos<\/li>\n\n\n\n<li>Panorama du cin\u00e9ma grec<\/li>\n\n\n\n<li>Panorama de l\u2019histoire de la Gr\u00e8ce moderne<\/li>\n\n\n\n<li>La politique au c\u0153ur de la litt\u00e9rature grecque moderne<\/li>\n\n\n\n<li>La Gr\u00e8ce depuis la chute de la dictature en 1974<\/li>\n\n\n\n<li>La famille en Gr\u00e8ce entre tradition et modernit\u00e9<\/li>\n\n\n\n<li>Le f\u00e9minisme lib\u00e9ral en Gr\u00e8ce<\/li>\n\n\n\n<li>L\u2019\u00e9mergence des classes moyennes dans la Gr\u00e8ce d\u2019apr\u00e8s-guerre<\/li>\n<\/ul>\n\n\n\n<p><\/p>\n\n\n\n<p><\/p>\n","protected":false},"excerpt":{"rendered":"<p>Cours de civilisation 2025 | 2026 La place des femmes dans le cin\u00e9ma grec de 1975 \u00e0 1990 par Babis Pothoulakis. Vendredi 20 mars 19h00, Lyc\u00e9e Jules Ferry 77, Boulevard de Clichy 75009 Paris. &nbsp;Pour plus d\u2019informations&nbsp;cliquer ici Petit Salon du Livre Grec La 2e \u00e9dition du Petit salon du livre grec ouvre ses\u2026 pages [&hellip;]<\/p>\n","protected":false},"author":1,"featured_media":0,"parent":0,"menu_order":0,"comment_status":"closed","ping_status":"closed","template":"","meta":{"_monsterinsights_skip_tracking":false,"_monsterinsights_sitenote_active":false,"_monsterinsights_sitenote_note":"","_monsterinsights_sitenote_category":0,"footnotes":""},"class_list":["post-228","page","type-page","status-publish","hentry"],"aioseo_notices":[],"_links":{"self":[{"href":"https:\/\/phonie-graphie.org\/index.php\/wp-json\/wp\/v2\/pages\/228","targetHints":{"allow":["GET"]}}],"collection":[{"href":"https:\/\/phonie-graphie.org\/index.php\/wp-json\/wp\/v2\/pages"}],"about":[{"href":"https:\/\/phonie-graphie.org\/index.php\/wp-json\/wp\/v2\/types\/page"}],"author":[{"embeddable":true,"href":"https:\/\/phonie-graphie.org\/index.php\/wp-json\/wp\/v2\/users\/1"}],"replies":[{"embeddable":true,"href":"https:\/\/phonie-graphie.org\/index.php\/wp-json\/wp\/v2\/comments?post=228"}],"version-history":[{"count":55,"href":"https:\/\/phonie-graphie.org\/index.php\/wp-json\/wp\/v2\/pages\/228\/revisions"}],"predecessor-version":[{"id":1885,"href":"https:\/\/phonie-graphie.org\/index.php\/wp-json\/wp\/v2\/pages\/228\/revisions\/1885"}],"wp:attachment":[{"href":"https:\/\/phonie-graphie.org\/index.php\/wp-json\/wp\/v2\/media?parent=228"}],"curies":[{"name":"wp","href":"https:\/\/api.w.org\/{rel}","templated":true}]}}