{"id":236,"date":"2019-11-17T05:43:25","date_gmt":"2019-11-17T04:43:25","guid":{"rendered":"http:\/\/s813616265.onlinehome.fr\/?page_id=236"},"modified":"2025-10-22T00:04:26","modified_gmt":"2025-10-21T22:04:26","slug":"ateliers-trimestriels","status":"publish","type":"page","link":"https:\/\/phonie-graphie.org\/index.php\/ateliers-trimestriels\/","title":{"rendered":"Ateliers trimestriels"},"content":{"rendered":"\n<p><strong>LES ATELIERS DE LANGUE TRIMESTRIELS | 2025-202<\/strong>6<\/p>\n\n\n\n<p>Les ateliers proposent une immersion imaginaire dans un univers grec. Ils se situent en compl\u00e9mentarit\u00e9 du cours o\u00f9 l\u2019enseignement est organis\u00e9 pour une progression continue de la connaissance. Ils permettent aux \u00e9l\u00e8ves de se confronter, par leur caract\u00e8re ludique et leur th\u00e9\u00e2tralit\u00e9, aux al\u00e9as, aux hasards, aux improvisations n\u00e9cessaires de la communication. Ils entra\u00eenent ainsi, parall\u00e8lement \u00e0 l\u2019apprentissage, \u00e0 la conqu\u00eate de la langue.<\/p>\n\n\n\n<p>Un <strong>atelier de grec moderne <\/strong>pour chaque niveau est pr\u00e9vu <strong>chaque trimestre<\/strong>.<br><strong> <\/strong>Ils ont lieu<strong> le samedi ou le dimanche de 15h30 \u00e0 18h30<\/strong>, <strong>\u00e0 Paris ou en ligne<\/strong> pour les adh\u00e9rents qui suivent les cours en ligne (dans ce dernier cas, les jours et horaires sont d\u00e9termin\u00e9s par le professeur et les \u00e9l\u00e8ves).<\/p>\n\n\n\n<p>Les <em>sujets <\/em>des ateliers de langue seront choisis par les professeurs, au fur et \u00e0 mesure des cours, selon les besoins.<\/p>\n\n\n\n<p><strong>&nbsp;<u>Les ateliers du samedi auront lieu au lyc\u00e9e<\/u>.<\/strong><\/p>\n\n\n\n<p><strong>En revanche&nbsp;<u>les ateliers de dimanche<\/u>&nbsp;continueront de se tenir \u00e0 l\u2019AGECA.<\/strong><strong><\/strong><\/p>\n\n\n\n<p class=\"has-text-color\" style=\"color:#4462a0\"><mark style=\"background-color:rgba(0, 0, 0, 0)\" class=\"has-inline-color has-vivid-cyan-blue-color\"><strong>TRIMESTRE 1<\/strong> <strong>(Paris)<\/strong><\/mark><\/p>\n\n\n\n<p><strong>Niveau 1<\/strong> SAM 29 novembre OU DIM 07 d\u00e9cembre\u00a0\u00a0<\/p>\n\n\n\n<p><strong>Niveau 2<\/strong> SAM 29 novembre OU DIM 07 d\u00e9cembre<\/p>\n\n\n\n<p><strong>Niveaux 3 et 4<\/strong> SAM 22 novembre OU DIM 30 novembre&nbsp;&nbsp;&nbsp;&nbsp;&nbsp;&nbsp;&nbsp;<\/p>\n\n\n\n<p><strong>Niveaux 5 et 6<\/strong> SAM 22 novembre OU DIM 30 novembre&nbsp;&nbsp;&nbsp;&nbsp;&nbsp;&nbsp;&nbsp;&nbsp;<\/p>\n\n\n\n<p><strong>Niveaux 7 et 8<\/strong> DIM 23 novembre OU SAM 06 d\u00e9cembre&nbsp;&nbsp;&nbsp;&nbsp;&nbsp;&nbsp;&nbsp;&nbsp;&nbsp;<\/p>\n\n\n\n<p><\/p>\n\n\n\n<p><strong><mark style=\"background-color:rgba(0, 0, 0, 0)\" class=\"has-inline-color has-vivid-cyan-blue-color\">TRIMESTRE 2 (Paris)<\/mark><\/strong><\/p>\n\n\n\n<p><strong>Niveau  1<\/strong> DIM 29 mars OU SAM 11 avril<\/p>\n\n\n\n<p><strong>Niveau&nbsp;<\/strong>&nbsp;<strong>2<\/strong> DIM 29 mars  OU SAM 11 avril<\/p>\n\n\n\n<p><strong>Niveaux 3 et 4<\/strong> DIM 22 mars OU SAM 28 mars&nbsp;&nbsp;&nbsp;&nbsp;&nbsp;&nbsp;&nbsp;&nbsp;&nbsp;&nbsp;<\/p>\n\n\n\n<p><strong>Niveaux 5 et 6<\/strong> SAM 21 mars OU DIM 12 avril &nbsp;&nbsp;&nbsp;&nbsp;&nbsp;&nbsp;&nbsp;&nbsp;&nbsp;<\/p>\n\n\n\n<p><strong>Niveaux 7 et 8<\/strong> SAM 21 mars OU  DIM 12 avril &nbsp;&nbsp;&nbsp;&nbsp;&nbsp;&nbsp;&nbsp;&nbsp;&nbsp;&nbsp;&nbsp;&nbsp;&nbsp;&nbsp;&nbsp;<\/p>\n\n\n\n<p><\/p>\n\n\n\n<p class=\"has-text-color\" style=\"color:#4462a0\"><mark style=\"background-color:rgba(0, 0, 0, 0)\" class=\"has-inline-color has-vivid-cyan-blue-color\"><strong>TRIMESTRE 3<\/strong> <strong>(Paris)<\/strong><\/mark><\/p>\n\n\n\n<p><strong>Niveau 1<\/strong> DIM 31 mai OU SAM 13 juin<\/p>\n\n\n\n<p><strong>Niveau 2<\/strong> DIM 31 mai OU  SAM 13 juin<\/p>\n\n\n\n<p><strong>Niveaux 3 et 4<\/strong> SAM 30 mai OU DIM 07 juin<\/p>\n\n\n\n<p><strong>Niveaux 5 et 6<\/strong> SAM 06 juin OU DIM 14 juin<\/p>\n\n\n\n<p><strong>Niveaux 7 et 8<\/strong> SAM 06 juin OU DIM 14 juin<\/p>\n\n\n\n<p><strong>PAF : 20 euros pour les adh\u00e9rents qui ne suivent pas les cours<\/strong><br><strong>Samedi <\/strong>: Les ateliers ont lieu <strong> <\/strong>au<strong> Lyc\u00e9e Jules-Ferry&nbsp;<\/strong>77 Boulevard de Clichy, 75009 Paris&nbsp;| M\u00b0  Place de Clichy | Entr\u00e9e par la petite porte<\/p>\n\n\n\n<p><strong>Dimanche<\/strong> : Les ateliers ont lieu \u00e0 L&rsquo;<strong>AGECA <\/strong>177 rue de Charonne, 75011 Paris | M\u00b0 Alexandre Dumas | T\u00e9l. 01.43.70.35.67<br><strong>Pr\u00e9 inscriptions obligatoires<\/strong> dans le cahier salle 10, <strong>ou <\/strong>au 07 86 52 68 41 <strong>ou<\/strong> \u00e9crire \u00e0 pg-contact@phonie-graphie.org<\/p>\n","protected":false},"excerpt":{"rendered":"<p>LES ATELIERS DE LANGUE TRIMESTRIELS | 2025-2026 Les ateliers proposent une immersion imaginaire dans un univers grec. Ils se situent en compl\u00e9mentarit\u00e9 du cours o\u00f9 l\u2019enseignement est organis\u00e9 pour une progression continue de la connaissance. Ils permettent aux \u00e9l\u00e8ves de se confronter, par leur caract\u00e8re ludique et leur th\u00e9\u00e2tralit\u00e9, aux al\u00e9as, aux hasards, aux improvisations [&hellip;]<\/p>\n","protected":false},"author":1,"featured_media":0,"parent":0,"menu_order":0,"comment_status":"closed","ping_status":"closed","template":"","meta":{"_monsterinsights_skip_tracking":false,"_monsterinsights_sitenote_active":false,"_monsterinsights_sitenote_note":"","_monsterinsights_sitenote_category":0,"footnotes":""},"class_list":["post-236","page","type-page","status-publish","hentry"],"aioseo_notices":[],"_links":{"self":[{"href":"https:\/\/phonie-graphie.org\/index.php\/wp-json\/wp\/v2\/pages\/236","targetHints":{"allow":["GET"]}}],"collection":[{"href":"https:\/\/phonie-graphie.org\/index.php\/wp-json\/wp\/v2\/pages"}],"about":[{"href":"https:\/\/phonie-graphie.org\/index.php\/wp-json\/wp\/v2\/types\/page"}],"author":[{"embeddable":true,"href":"https:\/\/phonie-graphie.org\/index.php\/wp-json\/wp\/v2\/users\/1"}],"replies":[{"embeddable":true,"href":"https:\/\/phonie-graphie.org\/index.php\/wp-json\/wp\/v2\/comments?post=236"}],"version-history":[{"count":52,"href":"https:\/\/phonie-graphie.org\/index.php\/wp-json\/wp\/v2\/pages\/236\/revisions"}],"predecessor-version":[{"id":1793,"href":"https:\/\/phonie-graphie.org\/index.php\/wp-json\/wp\/v2\/pages\/236\/revisions\/1793"}],"wp:attachment":[{"href":"https:\/\/phonie-graphie.org\/index.php\/wp-json\/wp\/v2\/media?parent=236"}],"curies":[{"name":"wp","href":"https:\/\/api.w.org\/{rel}","templated":true}]}}