{"id":396,"date":"2020-01-21T23:04:44","date_gmt":"2020-01-21T22:04:44","guid":{"rendered":"http:\/\/s813616265.onlinehome.fr\/?page_id=396"},"modified":"2025-12-08T15:29:35","modified_gmt":"2025-12-08T14:29:35","slug":"nouvelle-session","status":"publish","type":"page","link":"https:\/\/phonie-graphie.org\/index.php\/nouvelle-session\/","title":{"rendered":"Nouvelle Session F\u00e9vrier | D\u00e9butants"},"content":{"rendered":"\n<p><\/p>\n\n\n\n<p>Une session&nbsp;acc\u00e9l\u00e9r\u00e9e&nbsp;des cours de grec moderne <strong>pour&nbsp;d\u00e9butants&nbsp;<\/strong>commence <strong>chaque ann\u00e9e d\u00e9but janvier <\/strong>avec 2h30 de cours par semaine. Elle n\u2019est ouverte que s\u2019il y a un nombre suffisant d\u2019inscriptions. Si vous souhaitez plus de renseignements, vous pouvez nous contacter au 07 86 52 68 41 ou par e-mail \u00e0 <a href=\"mailto:pg-contact@phonie-graphie.org\">pg-contact@phonie-graphie.org<\/a>.<\/p>\n\n\n\n<p class=\"has-text-color has-medium-font-size\" style=\"color:#4462a0\">LES COURS<\/p>\n\n\n\n<p>Cette ann\u00e9e, les cours auront lieu le <strong>mardi de<\/strong> <strong>18h30 \u00e0 21h<\/strong> \u00e0 partir du 13 janvier 2025.<\/p>\n\n\n\n<p>Les cours sont compl\u00e9t\u00e9s par un atelier de trois heures qui a lieu un week-end dont la date est d\u00e9cid\u00e9e avec les \u00e9l\u00e8ves.<\/p>\n\n\n\n<p><strong>Adresse des cours &#8211; <\/strong>Lyc\u00e9e Jules Ferry | 77, Boulevard de Clichy, 75008 Paris | M\u00e9tro Place de Clichy<\/p>\n\n\n\n<p class=\"has-text-color has-medium-font-size\" style=\"color:#4462a0\">INSCRIPTION<\/p>\n\n\n\n<p>L\u2019inscription comprend <strong>l\u2019adh\u00e9sion \u00e0 l\u2019Association et les frais de scolarit\u00e9&nbsp;: 535 \u20ac<\/strong>.<\/p>\n\n\n\n<p>Vous pouvez vous inscrire&nbsp;:<\/p>\n\n\n\n<p>\u2022 <strong>Par courrier<\/strong> en nous renvoyant le bulletin d\u2019inscription que vous trouverez <a href=\"https:\/\/phonie-graphie.org\/wp-content\/uploads\/2025\/12\/Bull-Insc-x1-2025-2026.pdf\" target=\"_blank\" rel=\"noopener\" title=\"Bulletin d'inscription\">ICI<\/a>, accompagn\u00e9 de deux photos d\u2019identit\u00e9 et du paiement des frais de scolarit\u00e9 \u00e0 :\u00a0PHONIE-GRAPHIE, 29 rue Blanche, 75009 Paris.<\/p>\n\n\n\n<p>\u2022 <strong>En ligne<\/strong>, <a href=\"https:\/\/www.helloasso.com\/associations\/phonie-graphie\/adhesions\/inscription-a-la-session-debutants-janvier-2026\" target=\"_blank\" rel=\"noopener\" title=\"via la plateforme HelloAsso\">via la plateforme <em>HelloAsso<\/em><\/a>. Vous recevrez votre carte d\u2019adh\u00e9rent <em>par courrier<\/em>, elle est indispensable pour entrer au lyc\u00e9e.<\/p>\n\n\n\n<p><em>Nous utilisons les services de la plateforme HelloAsso qui sont enti\u00e8rement gratuits pour l\u2019association. HelloAsso vous sugg\u00e8rera donc au moment du paiement d\u2019ajouter une petite contribution pour son fonctionnement&nbsp;; cette contribution est <strong>facultative.<\/strong><\/em><\/p>\n\n\n\n<h5 class=\"wp-block-heading\"><\/h5>\n","protected":false},"excerpt":{"rendered":"<p>Une session&nbsp;acc\u00e9l\u00e9r\u00e9e&nbsp;des cours de grec moderne pour&nbsp;d\u00e9butants&nbsp;commence chaque ann\u00e9e d\u00e9but janvier avec 2h30 de cours par semaine. Elle n\u2019est ouverte que s\u2019il y a un nombre suffisant d\u2019inscriptions. Si vous souhaitez plus de renseignements, vous pouvez nous contacter au 07 86 52 68 41 ou par e-mail \u00e0 pg-contact@phonie-graphie.org. LES COURS Cette ann\u00e9e, les cours [&hellip;]<\/p>\n","protected":false},"author":1,"featured_media":0,"parent":0,"menu_order":0,"comment_status":"closed","ping_status":"closed","template":"","meta":{"_monsterinsights_skip_tracking":false,"_monsterinsights_sitenote_active":false,"_monsterinsights_sitenote_note":"","_monsterinsights_sitenote_category":0,"footnotes":""},"class_list":["post-396","page","type-page","status-publish","hentry"],"aioseo_notices":[],"_links":{"self":[{"href":"https:\/\/phonie-graphie.org\/index.php\/wp-json\/wp\/v2\/pages\/396","targetHints":{"allow":["GET"]}}],"collection":[{"href":"https:\/\/phonie-graphie.org\/index.php\/wp-json\/wp\/v2\/pages"}],"about":[{"href":"https:\/\/phonie-graphie.org\/index.php\/wp-json\/wp\/v2\/types\/page"}],"author":[{"embeddable":true,"href":"https:\/\/phonie-graphie.org\/index.php\/wp-json\/wp\/v2\/users\/1"}],"replies":[{"embeddable":true,"href":"https:\/\/phonie-graphie.org\/index.php\/wp-json\/wp\/v2\/comments?post=396"}],"version-history":[{"count":36,"href":"https:\/\/phonie-graphie.org\/index.php\/wp-json\/wp\/v2\/pages\/396\/revisions"}],"predecessor-version":[{"id":1829,"href":"https:\/\/phonie-graphie.org\/index.php\/wp-json\/wp\/v2\/pages\/396\/revisions\/1829"}],"wp:attachment":[{"href":"https:\/\/phonie-graphie.org\/index.php\/wp-json\/wp\/v2\/media?parent=396"}],"curies":[{"name":"wp","href":"https:\/\/api.w.org\/{rel}","templated":true}]}}