{"id":587,"date":"2020-04-25T10:01:21","date_gmt":"2020-04-25T08:01:21","guid":{"rendered":"https:\/\/phonie-graphie.org\/?page_id=587"},"modified":"2026-04-20T12:00:58","modified_gmt":"2026-04-20T10:00:58","slug":"qui-sommes-nous","status":"publish","type":"page","link":"https:\/\/phonie-graphie.org\/index.php\/qui-sommes-nous\/","title":{"rendered":"Qui sommes-nous"},"content":{"rendered":"\n<blockquote class=\"wp-block-quote is-layout-flow wp-block-quote-is-layout-flow\">\n<p class=\"is-style-large\"><strong>\u00c9QUIPE P<strong>\u00c9<\/strong>DAGOGIQUE <\/strong><\/p>\n<\/blockquote>\n\n\n\n<p><\/p>\n\n\n\n<p><strong>Ben MATSAS<\/strong>, stagiaire \u00e0 la Clinique de La Borde, doctorant en philosophie politique \u00e0 l&rsquo;Universit\u00e9 de Paris-8, traducteur d&rsquo;un in\u00e9dit du philosophe grec Kostas Papaioannou, il int\u00e8gre en 2011 l&rsquo;\u00e9quipe p\u00e9dagogique de&nbsp;Phonie-Graphie o\u00f9 il est initi\u00e9 \u00e0 la didactique du grec moderne-langue \u00e9trang\u00e8re. \u00c0 partir de l&rsquo;ann\u00e9e suivante, il commence \u00e0 enseigner.<\/p>\n\n\n\n<p><strong>Eftychia TSIKNIA-BLOUET,<\/strong> en France depuis 2003, int\u00e8gre l&rsquo;\u00e9quipe p\u00e9dagogique de Phonie Graphie en 2015. Apr\u00e8s avoir obtenu son dipl\u00f4me de Lettres de l\u2019universit\u00e9 d\u2019Ath\u00e8nes, sa ville natale, elle a travaill\u00e9 pour la pr\u00e9paration des \u00e9l\u00e8ves de terminale au concours d\u2019entr\u00e9e \u00e0 l\u2019universit\u00e9, pendant plusieurs ann\u00e9es en Gr\u00e8ce (Ath\u00e8nes et Ioannina) en tant que professeur de grec ancien, grec moderne et litt\u00e9rature.Elle enseigne le grec moderne-langue \u00e9trang\u00e8re depuis 2008 pour le club des retrait\u00e9s de la MGEN \u00e0 Paris. Elle fait par ailleurs partie de l\u2019\u00e9quipe p\u00e9dagogique qui assure les stages linguistiques et culturels en Gr\u00e8ce de l\u2019association Ath\u00e9na (depuis 2016).<\/p>\n\n\n\n<p><strong>Panos ANGELOPOULOS<\/strong><\/p>\n\n\n\n<p><strong>Maria SIDIROPOULOU<\/strong>, \u00e0 Paris depuis 2014, a fait ses \u00e9tudes de Lettres Classiques \u00e0 l&rsquo;Universit\u00e9 Aristote et a enseign\u00e9 \u00e0 Thessalonique. Dipl\u00f4m\u00e9e d&rsquo;un Master de Lettres Modernes \u00e0 la Sorbonne ainsi que d\u2019un certificat en didactique du grec langue \u00e9trang\u00e8re, certificat obtenu au Centre de la Langue Grecque de Thessalonique. Elle a int\u00e9gr\u00e9 Phonie-Graphie en 2019.<\/p>\n\n\n\n<p><strong>Stefanos POULIOS<\/strong><\/p>\n\n\n\n<p><strong>Ioannis CHONDROS<\/strong> a rejoint l\u2019\u00e9quipe p\u00e9dagogique de Phonie-Graphie en 2024. Il\u00a0enseigne le grec moderne comme langue \u00e9trang\u00e8re depuis 2016.\u00a0Titulaire d\u2019un Master Arts et Langages de l\u2019EHESS, il est doctorant en litt\u00e9rature compar\u00e9e \u00e0 l\u2019Universit\u00e9 Bordeaux Montaigne, o\u00f9 il pr\u00e9pare une th\u00e8se sur les traductions fran\u00e7aises de la po\u00e9sie grecque. Auteur et traducteur, il a publi\u00e9 un recueil de proses et traduit du fran\u00e7ais vers le grec des auteurs contemporains. Il a \u00e9galement coordonn\u00e9 un num\u00e9ro bilingue de la revue\u00a0<em>Nioques<\/em>\u00a0consacr\u00e9 aux \u00e9critures grecques contemporaines.<\/p>\n\n\n\n<p><\/p>\n\n\n\n<blockquote class=\"wp-block-quote is-layout-flow wp-block-quote-is-layout-flow\">\n<p><strong>MEMBRES DU C.A.<\/strong><\/p>\n<\/blockquote>\n\n\n\n<p class=\"is-style-large\">Brigitte DU\u00c9E\/ pr\u00e9sidente<\/p>\n\n\n\n<p>No\u00ebl MUXONAT\/ vice-pr\u00e9sident<\/p>\n\n\n\n<p>Sylvette CHALIGNE\/ tr\u00e9sori\u00e8re<\/p>\n\n\n\n<p>Corinne BRUN \/tr\u00e9sori\u00e8re adjointe<\/p>\n\n\n\n<p>Catherine MORICE \/ secr\u00e9taire<\/p>\n\n\n\n<p>Anne DE LAUBIER\/  secr\u00e9taire adjointe<\/p>\n\n\n\n<p>Jean-Pierre COVO \/ charg\u00e9 des affaires culturelles<\/p>\n","protected":false},"excerpt":{"rendered":"<p>\u00c9QUIPE P\u00c9DAGOGIQUE Ben MATSAS, stagiaire \u00e0 la Clinique de La Borde, doctorant en philosophie politique \u00e0 l&rsquo;Universit\u00e9 de Paris-8, traducteur d&rsquo;un in\u00e9dit du philosophe grec Kostas Papaioannou, il int\u00e8gre en 2011 l&rsquo;\u00e9quipe p\u00e9dagogique de&nbsp;Phonie-Graphie o\u00f9 il est initi\u00e9 \u00e0 la didactique du grec moderne-langue \u00e9trang\u00e8re. \u00c0 partir de l&rsquo;ann\u00e9e suivante, il commence \u00e0 enseigner. Eftychia [&hellip;]<\/p>\n","protected":false},"author":3,"featured_media":0,"parent":0,"menu_order":0,"comment_status":"closed","ping_status":"closed","template":"","meta":{"_monsterinsights_skip_tracking":false,"_monsterinsights_sitenote_active":false,"_monsterinsights_sitenote_note":"","_monsterinsights_sitenote_category":0,"footnotes":""},"class_list":["post-587","page","type-page","status-publish","hentry"],"aioseo_notices":[],"_links":{"self":[{"href":"https:\/\/phonie-graphie.org\/index.php\/wp-json\/wp\/v2\/pages\/587","targetHints":{"allow":["GET"]}}],"collection":[{"href":"https:\/\/phonie-graphie.org\/index.php\/wp-json\/wp\/v2\/pages"}],"about":[{"href":"https:\/\/phonie-graphie.org\/index.php\/wp-json\/wp\/v2\/types\/page"}],"author":[{"embeddable":true,"href":"https:\/\/phonie-graphie.org\/index.php\/wp-json\/wp\/v2\/users\/3"}],"replies":[{"embeddable":true,"href":"https:\/\/phonie-graphie.org\/index.php\/wp-json\/wp\/v2\/comments?post=587"}],"version-history":[{"count":24,"href":"https:\/\/phonie-graphie.org\/index.php\/wp-json\/wp\/v2\/pages\/587\/revisions"}],"predecessor-version":[{"id":1883,"href":"https:\/\/phonie-graphie.org\/index.php\/wp-json\/wp\/v2\/pages\/587\/revisions\/1883"}],"wp:attachment":[{"href":"https:\/\/phonie-graphie.org\/index.php\/wp-json\/wp\/v2\/media?parent=587"}],"curies":[{"name":"wp","href":"https:\/\/api.w.org\/{rel}","templated":true}]}}